{"id":63,"date":"2024-06-19T06:54:36","date_gmt":"2024-06-19T06:54:36","guid":{"rendered":"https:\/\/rustran.ch\/?page_id=63"},"modified":"2024-06-19T09:02:16","modified_gmt":"2024-06-19T09:02:16","slug":"ueber-mich","status":"publish","type":"page","link":"https:\/\/rustran.ch\/?page_id=63","title":{"rendered":"\u00dcber mich"},"content":{"rendered":"\n<div class=\"wp-block-media-text is-stacked-on-mobile is-vertically-aligned-top\" style=\"grid-template-columns:26% auto\"><figure class=\"wp-block-media-text__media\"><img loading=\"lazy\" decoding=\"async\" width=\"394\" height=\"394\" src=\"https:\/\/rustran.ch\/wp-content\/uploads\/2024\/06\/Martin_DSC_8075-Korrektur-Brille-1.jpg\" alt=\"\" class=\"wp-image-65 size-full\" srcset=\"https:\/\/rustran.ch\/wp-content\/uploads\/2024\/06\/Martin_DSC_8075-Korrektur-Brille-1.jpg 394w, https:\/\/rustran.ch\/wp-content\/uploads\/2024\/06\/Martin_DSC_8075-Korrektur-Brille-1-300x300.jpg 300w, https:\/\/rustran.ch\/wp-content\/uploads\/2024\/06\/Martin_DSC_8075-Korrektur-Brille-1-150x150.jpg 150w\" sizes=\"auto, (max-width: 394px) 100vw, 394px\" \/><\/figure><div class=\"wp-block-media-text__content\">\n<p><strong>Martin Bollhalder<\/strong><br>Master of Arts in Franz\u00f6sischer und Russischer Philologie<\/p>\n\n\n\n<p><strong>\u00ab<em>Language exerts hidden power, like the moon on the tides.<\/em><\/strong><strong>\u00bb<\/strong><br>Rita Mae Brown<\/p>\n\n\n\n<p>Sprachen sind mein Lebenselixier. Schon in fr\u00fcher Kindheit war ich fasziniert von den Kl\u00e4ngen und Rhythmen fremder Sprachen und ihrer F\u00e4higkeit, Br\u00fccken zwischen Kulturen zu bauen. Diese Leidenschaft f\u00fchrte mich schliesslich in den \u00dcbersetzerberuf. <\/p>\n\n\n\n<p>Seit rund zwanzig Jahren \u00fcbersetze ich Texte aus dem Deutschen und ins Deutsche und bin dabei stets darauf bedacht, das Optimum f\u00fcr meine Kundinnen und Kundinnen zu erreichen, ob es sich um ein ausl\u00e4ndisches Diplom handelt, das hier in der Schweiz anerkannt werden soll, um eine Geburtsurkunde, die von einer ausl\u00e4ndischen Botschaft ben\u00f6tigt wird, um regul\u00e4re Korrespondenz oder um die Inhalte einer Webseite.  <\/p>\n\n\n\n<p>Mir ist es ein Anliegen, dass meine \u00dcbersetzungen sowohl in ihrem Inhalt als auch in ihrer Form (Stil, Formatierung, Layout) m\u00f6glichst nahe beim Original sind. <\/p>\n\n\n\n<p><\/p>\n<\/div><\/div>\n","protected":false},"excerpt":{"rendered":"<p>Martin BollhalderMaster of Arts in Franz\u00f6sischer und Russischer Philologie \u00abLanguage exerts hidden power, like the moon on the tides.\u00bbRita Mae Brown Sprachen sind mein Lebenselixier. &hellip;<\/p>\n","protected":false},"author":1,"featured_media":0,"parent":77,"menu_order":3,"comment_status":"closed","ping_status":"closed","template":"","meta":{"footnotes":""},"class_list":["post-63","page","type-page","status-publish","hentry"],"_links":{"self":[{"href":"https:\/\/rustran.ch\/index.php?rest_route=\/wp\/v2\/pages\/63","targetHints":{"allow":["GET"]}}],"collection":[{"href":"https:\/\/rustran.ch\/index.php?rest_route=\/wp\/v2\/pages"}],"about":[{"href":"https:\/\/rustran.ch\/index.php?rest_route=\/wp\/v2\/types\/page"}],"author":[{"embeddable":true,"href":"https:\/\/rustran.ch\/index.php?rest_route=\/wp\/v2\/users\/1"}],"replies":[{"embeddable":true,"href":"https:\/\/rustran.ch\/index.php?rest_route=%2Fwp%2Fv2%2Fcomments&post=63"}],"version-history":[{"count":4,"href":"https:\/\/rustran.ch\/index.php?rest_route=\/wp\/v2\/pages\/63\/revisions"}],"predecessor-version":[{"id":69,"href":"https:\/\/rustran.ch\/index.php?rest_route=\/wp\/v2\/pages\/63\/revisions\/69"}],"up":[{"embeddable":true,"href":"https:\/\/rustran.ch\/index.php?rest_route=\/wp\/v2\/pages\/77"}],"wp:attachment":[{"href":"https:\/\/rustran.ch\/index.php?rest_route=%2Fwp%2Fv2%2Fmedia&parent=63"}],"curies":[{"name":"wp","href":"https:\/\/api.w.org\/{rel}","templated":true}]}}