{"id":32,"date":"2024-06-19T06:54:58","date_gmt":"2024-06-19T06:54:58","guid":{"rendered":"https:\/\/rustran.ch\/?page_id=32"},"modified":"2024-06-19T09:02:57","modified_gmt":"2024-06-19T09:02:57","slug":"uebersetzungen","status":"publish","type":"page","link":"https:\/\/rustran.ch\/?page_id=32","title":{"rendered":"\u00dcbersetzungen"},"content":{"rendered":"\n<h2 class=\"wp-block-heading has-sitebg-color has-sitetext-background-color has-text-color has-background has-link-color wp-elements-8308c8438f3c9f1ecf98b05fc46e154b\">Sprachenangebot<\/h2>\n\n\n\n<p>Wir \u00fcbersetzen Ihre Texte aus und in folgende Sprachen:<\/p>\n\n\n\n<div class=\"wp-block-columns are-vertically-aligned-center is-layout-flex wp-container-core-columns-is-layout-9d6595d7 wp-block-columns-is-layout-flex\">\n<div class=\"wp-block-column is-vertically-aligned-center is-layout-flow wp-block-column-is-layout-flow\" style=\"flex-basis:100%\">\n<div class=\"wp-block-group\"><div class=\"wp-block-group__inner-container is-layout-constrained wp-block-group-is-layout-constrained\">\n<figure class=\"wp-block-table is-style-stripes\"><table><tbody><tr><td><strong>Quellsprachen<\/strong><\/td><td>Deutsch<\/td><td><strong>Zielsprachen<\/strong><\/td><td>Deutsch<\/td><\/tr><tr><td>&nbsp;<\/td><td>Russisch<\/td><td>&nbsp;<\/td><td>Russisch<\/td><\/tr><tr><td>&nbsp;<\/td><td>Franz\u00f6sisch<\/td><td>&nbsp;<\/td><td>Franz\u00f6sisch<\/td><\/tr><tr><td>&nbsp;<\/td><td>Englisch<\/td><td>&nbsp;<\/td><td>&nbsp;<\/td><\/tr><\/tbody><\/table><\/figure>\n<\/div><\/div>\n<\/div>\n<\/div>\n\n\n\n<p>Jeder \u00fcbersetzte Text wird durch einen&nbsp;<em>native speaker<\/em>&nbsp;gegengelesen und n\u00f6tigenfalls korrigiert.<\/p>\n\n\n\n<h2 class=\"wp-block-heading has-sitebg-color has-accent-2-background-color has-text-color has-background has-link-color wp-elements-a3eb173056f535325805cac7f0a1ddbb\">Fachgebiete<\/h2>\n\n\n\n<p>RusTran ist spezialisiert auf die \u00dcbersetzung von amtlichen Dokumenten (z.B. Geburtsurkunden, Strafregisterausz\u00fcge, Eheregisterausz\u00fcge, etc.) und Bildungsurkunden (Diplome, F\u00e4higkeitszeugnisse, etc.). Gerne nehmen wir aber auch Auftr\u00e4ge aus anderen Bereichen entgegen.<\/p>\n","protected":false},"excerpt":{"rendered":"<p>Sprachenangebot Wir \u00fcbersetzen Ihre Texte aus und in folgende Sprachen: Quellsprachen Deutsch Zielsprachen Deutsch &nbsp; Russisch &nbsp; Russisch &nbsp; Franz\u00f6sisch &nbsp; Franz\u00f6sisch &nbsp; Englisch &nbsp; &hellip;<\/p>\n","protected":false},"author":1,"featured_media":35,"parent":77,"menu_order":1,"comment_status":"closed","ping_status":"closed","template":"","meta":{"footnotes":""},"class_list":["post-32","page","type-page","status-publish","has-post-thumbnail","hentry"],"_links":{"self":[{"href":"https:\/\/rustran.ch\/index.php?rest_route=\/wp\/v2\/pages\/32","targetHints":{"allow":["GET"]}}],"collection":[{"href":"https:\/\/rustran.ch\/index.php?rest_route=\/wp\/v2\/pages"}],"about":[{"href":"https:\/\/rustran.ch\/index.php?rest_route=\/wp\/v2\/types\/page"}],"author":[{"embeddable":true,"href":"https:\/\/rustran.ch\/index.php?rest_route=\/wp\/v2\/users\/1"}],"replies":[{"embeddable":true,"href":"https:\/\/rustran.ch\/index.php?rest_route=%2Fwp%2Fv2%2Fcomments&post=32"}],"version-history":[{"count":4,"href":"https:\/\/rustran.ch\/index.php?rest_route=\/wp\/v2\/pages\/32\/revisions"}],"predecessor-version":[{"id":55,"href":"https:\/\/rustran.ch\/index.php?rest_route=\/wp\/v2\/pages\/32\/revisions\/55"}],"up":[{"embeddable":true,"href":"https:\/\/rustran.ch\/index.php?rest_route=\/wp\/v2\/pages\/77"}],"wp:featuredmedia":[{"embeddable":true,"href":"https:\/\/rustran.ch\/index.php?rest_route=\/wp\/v2\/media\/35"}],"wp:attachment":[{"href":"https:\/\/rustran.ch\/index.php?rest_route=%2Fwp%2Fv2%2Fmedia&parent=32"}],"curies":[{"name":"wp","href":"https:\/\/api.w.org\/{rel}","templated":true}]}}